{"id":1984,"date":"2019-07-03T12:18:30","date_gmt":"2019-07-03T15:18:30","guid":{"rendered":"https:\/\/dev-farmacap.htc.inf.br\/\/contacto\/contactenos\/"},"modified":"2025-04-29T20:05:35","modified_gmt":"2025-04-29T23:05:35","slug":"contactenos","status":"publish","type":"page","link":"https:\/\/www.farmacap.com.br\/es\/contacto\/contactenos\/","title":{"rendered":"Hable con nosotros"},"content":{"rendered":"\n<p>Puede contactar con Farmacap siempre que lo necesite a trav\u00e9s del formulario a continuaci\u00f3n o por tel\u00e9fono al +55 11 4668-6333.<\/p>\n\n\n\n<div class=\"wpcf7 no-js\" id=\"wpcf7-f2536-o1\" lang=\"es-ES\" dir=\"ltr\" data-wpcf7-id=\"2536\">\n<div class=\"screen-reader-response\"><p role=\"status\" aria-live=\"polite\" aria-atomic=\"true\"><\/p> <ul><\/ul><\/div>\n<form action=\"\/es\/wp-json\/wp\/v2\/pages\/1984#wpcf7-f2536-o1\" method=\"post\" class=\"wpcf7-form init\" aria-label=\"Contact form\" novalidate=\"novalidate\" data-status=\"init\">\n<fieldset class=\"hidden-fields-container\"><input type=\"hidden\" name=\"_wpcf7\" value=\"2536\" \/><input type=\"hidden\" name=\"_wpcf7_version\" value=\"6.1.5\" \/><input type=\"hidden\" name=\"_wpcf7_locale\" value=\"es_ES\" \/><input type=\"hidden\" name=\"_wpcf7_unit_tag\" value=\"wpcf7-f2536-o1\" \/><input type=\"hidden\" name=\"_wpcf7_container_post\" value=\"0\" \/><input type=\"hidden\" name=\"_wpcf7_posted_data_hash\" value=\"\" \/>\n<\/fieldset>\n<div class=\"grid-x grid-margin-x\">\n            <div class=\"cell large-6\">\n              <label>\n                <i class=\"fas fa-user\"><\/i>\n                <input size=\"40\" maxlength=\"400\" class=\"wpcf7-form-control wpcf7-text wpcf7-validates-as-required\" aria-required=\"true\" aria-invalid=\"false\" placeholder=\"Nombre\" value=\"\" type=\"text\" name=\"nome\" \/>\n              <\/label>\n            <\/div>\n            \n            <div class=\"cell large-6\">\n              <label>\n                <i class=\"fas fa-building\"><\/i>\n                <input size=\"40\" maxlength=\"400\" class=\"wpcf7-form-control wpcf7-text wpcf7-validates-as-required\" aria-required=\"true\" aria-invalid=\"false\" placeholder=\"Empresa\" value=\"\" type=\"text\" name=\"empresa\" \/>\n              <\/label>\n            <\/div>\n            \n            <div class=\"cell large-6\">\n              <label>\n                <i class=\"fas fa-map-marker-alt\"><\/i>\n                <input size=\"40\" maxlength=\"400\" class=\"wpcf7-form-control wpcf7-text wpcf7-validates-as-required\" aria-required=\"true\" aria-invalid=\"false\" placeholder=\"Ciudad\" value=\"\" type=\"text\" name=\"cidade\" \/>\n              <\/label>\n            <\/div>\n            \n            <div class=\"cell large-6\">\n              <label>\n                <i class=\"fas fa-map-marker-alt\"><\/i>\n                <input size=\"40\" maxlength=\"400\" class=\"wpcf7-form-control wpcf7-text wpcf7-validates-as-required\" aria-required=\"true\" aria-invalid=\"false\" placeholder=\"Estado\" value=\"\" type=\"text\" name=\"estado\" \/>\n              <\/label>\n            <\/div>\n            \n            <div class=\"cell large-6\">\n              <label>\n                <i class=\"fas fa-phone\"><\/i>\n                <input size=\"40\" maxlength=\"400\" class=\"wpcf7-form-control wpcf7-tel wpcf7-validates-as-required wpcf7-text wpcf7-validates-as-tel\" aria-required=\"true\" aria-invalid=\"false\" placeholder=\"Tel\u00e9fono\" value=\"\" type=\"tel\" name=\"telefone\" \/>\n              <\/label>\n            <\/div>\n            \n            \n            <div class=\"cell large-6\">\n              <label>\n                <i class=\"fas fa-envelope-open\"><\/i>\n                <input size=\"40\" maxlength=\"400\" class=\"wpcf7-form-control wpcf7-email wpcf7-validates-as-required wpcf7-text wpcf7-validates-as-email\" aria-required=\"true\" aria-invalid=\"false\" placeholder=\"Correo electr\u00f3nico\" value=\"\" type=\"email\" name=\"email\" \/>\n              <\/label>\n            <\/div>\n            \n            \n            <div class=\"cell\">\n              <label>\n                <i class=\"fas fa-pencil-alt\"><\/i>\n                <input size=\"40\" maxlength=\"400\" class=\"wpcf7-form-control wpcf7-text wpcf7-validates-as-required\" aria-required=\"true\" aria-invalid=\"false\" placeholder=\"Asunto\" value=\"\" type=\"text\" name=\"assunto\" \/> \n              <\/label>\n            <\/div>\n\n            <div class=\"cell\">\n              <label>\n                <i class=\"fas fa-comment\"><\/i>\n                <textarea cols=\"40\" rows=\"10\" maxlength=\"2000\" class=\"wpcf7-form-control wpcf7-textarea wpcf7-validates-as-required\" aria-required=\"true\" aria-invalid=\"false\" placeholder=\"Mensaje\" name=\"mensagem\"><\/textarea> \n              <\/label>\n            <\/div>\n            <div class=\"cell\">\n              <button type=\"submit\" class=\"button button-submit\"> Enviar <\/button>\n            <\/div>\n          <\/div><div class=\"wpcf7-response-output\" aria-hidden=\"true\"><\/div>\n<\/form>\n<\/div>\n\n\n\n\n<p><\/p>\n","protected":false},"excerpt":{"rendered":"<p>Puede contactar con Farmacap siempre que lo necesite a trav\u00e9s del formulario a continuaci\u00f3n o por tel\u00e9fono al +55 11 4668-6333.<\/p>\n","protected":false},"author":1,"featured_media":0,"parent":1974,"menu_order":1,"comment_status":"closed","ping_status":"closed","template":"","meta":{"_acf_changed":false,"footnotes":""},"class_list":["post-1984","page","type-page","status-publish","hentry"],"acf":[],"yoast_head":"<!-- This site is optimized with the Yoast SEO plugin v27.4 - https:\/\/yoast.com\/product\/yoast-seo-wordpress\/ -->\n<title>Hable con nosotros - Farmacap<\/title>\n<meta name=\"robots\" content=\"index, follow, max-snippet:-1, max-image-preview:large, max-video-preview:-1\" \/>\n<link rel=\"canonical\" href=\"https:\/\/www.farmacap.com.br\/es\/contacto\/contactenos\/\" \/>\n<meta property=\"og:locale\" content=\"es_ES\" \/>\n<meta property=\"og:type\" content=\"article\" \/>\n<meta property=\"og:title\" content=\"Hable con nosotros - Farmacap\" \/>\n<meta property=\"og:description\" content=\"Puede contactar con Farmacap siempre que lo necesite a trav\u00e9s del formulario a continuaci\u00f3n o por tel\u00e9fono al +55 11 4668-6333.\" \/>\n<meta property=\"og:url\" content=\"https:\/\/www.farmacap.com.br\/es\/contacto\/contactenos\/\" \/>\n<meta property=\"og:site_name\" content=\"Farmacap\" \/>\n<meta property=\"article:modified_time\" content=\"2025-04-29T23:05:35+00:00\" \/>\n<meta name=\"twitter:card\" content=\"summary_large_image\" \/>\n<meta name=\"twitter:label1\" content=\"Est. reading time\" \/>\n\t<meta name=\"twitter:data1\" content=\"1 minute\" \/>\n<script type=\"application\/ld+json\" class=\"yoast-schema-graph\">{\"@context\":\"https:\\\/\\\/schema.org\",\"@graph\":[{\"@type\":\"WebPage\",\"@id\":\"https:\\\/\\\/www.farmacap.com.br\\\/es\\\/contacto\\\/contactenos\\\/\",\"url\":\"https:\\\/\\\/www.farmacap.com.br\\\/es\\\/contacto\\\/contactenos\\\/\",\"name\":\"Hable con nosotros - Farmacap\",\"isPartOf\":{\"@id\":\"https:\\\/\\\/www.farmacap.com.br\\\/es\\\/#website\"},\"datePublished\":\"2019-07-03T15:18:30+00:00\",\"dateModified\":\"2025-04-29T23:05:35+00:00\",\"breadcrumb\":{\"@id\":\"https:\\\/\\\/www.farmacap.com.br\\\/es\\\/contacto\\\/contactenos\\\/#breadcrumb\"},\"inLanguage\":\"es-ES\",\"potentialAction\":[{\"@type\":\"ReadAction\",\"target\":[\"https:\\\/\\\/www.farmacap.com.br\\\/es\\\/contacto\\\/contactenos\\\/\"]}]},{\"@type\":\"BreadcrumbList\",\"@id\":\"https:\\\/\\\/www.farmacap.com.br\\\/es\\\/contacto\\\/contactenos\\\/#breadcrumb\",\"itemListElement\":[{\"@type\":\"ListItem\",\"position\":1,\"name\":\"Contacto\",\"item\":\"https:\\\/\\\/www.farmacap.com.br\\\/es\\\/contacto\\\/\"},{\"@type\":\"ListItem\",\"position\":2,\"name\":\"Hable con nosotros\"}]},{\"@type\":\"WebSite\",\"@id\":\"https:\\\/\\\/www.farmacap.com.br\\\/es\\\/#website\",\"url\":\"https:\\\/\\\/www.farmacap.com.br\\\/es\\\/\",\"name\":\"Farmacap\",\"description\":\"\",\"publisher\":{\"@id\":\"https:\\\/\\\/www.farmacap.com.br\\\/es\\\/#organization\"},\"potentialAction\":[{\"@type\":\"SearchAction\",\"target\":{\"@type\":\"EntryPoint\",\"urlTemplate\":\"https:\\\/\\\/www.farmacap.com.br\\\/es\\\/?s={search_term_string}\"},\"query-input\":{\"@type\":\"PropertyValueSpecification\",\"valueRequired\":true,\"valueName\":\"search_term_string\"}}],\"inLanguage\":\"es-ES\"},{\"@type\":\"Organization\",\"@id\":\"https:\\\/\\\/www.farmacap.com.br\\\/es\\\/#organization\",\"name\":\"Farmacap\",\"url\":\"https:\\\/\\\/www.farmacap.com.br\\\/es\\\/\",\"logo\":{\"@type\":\"ImageObject\",\"inLanguage\":\"es-ES\",\"@id\":\"https:\\\/\\\/www.farmacap.com.br\\\/es\\\/#\\\/schema\\\/logo\\\/image\\\/\",\"url\":\"https:\\\/\\\/www.farmacap.com.br\\\/wp-content\\\/uploads\\\/2021\\\/09\\\/logo-transparente-120x85-1.png\",\"contentUrl\":\"https:\\\/\\\/www.farmacap.com.br\\\/wp-content\\\/uploads\\\/2021\\\/09\\\/logo-transparente-120x85-1.png\",\"width\":120,\"height\":85,\"caption\":\"Farmacap\"},\"image\":{\"@id\":\"https:\\\/\\\/www.farmacap.com.br\\\/es\\\/#\\\/schema\\\/logo\\\/image\\\/\"}}]}<\/script>\n<!-- \/ Yoast SEO plugin. -->","yoast_head_json":{"title":"Hable con nosotros - Farmacap","robots":{"index":"index","follow":"follow","max-snippet":"max-snippet:-1","max-image-preview":"max-image-preview:large","max-video-preview":"max-video-preview:-1"},"canonical":"https:\/\/www.farmacap.com.br\/es\/contacto\/contactenos\/","og_locale":"es_ES","og_type":"article","og_title":"Hable con nosotros - Farmacap","og_description":"Puede contactar con Farmacap siempre que lo necesite a trav\u00e9s del formulario a continuaci\u00f3n o por tel\u00e9fono al +55 11 4668-6333.","og_url":"https:\/\/www.farmacap.com.br\/es\/contacto\/contactenos\/","og_site_name":"Farmacap","article_modified_time":"2025-04-29T23:05:35+00:00","twitter_card":"summary_large_image","twitter_misc":{"Est. reading time":"1 minute"},"schema":{"@context":"https:\/\/schema.org","@graph":[{"@type":"WebPage","@id":"https:\/\/www.farmacap.com.br\/es\/contacto\/contactenos\/","url":"https:\/\/www.farmacap.com.br\/es\/contacto\/contactenos\/","name":"Hable con nosotros - Farmacap","isPartOf":{"@id":"https:\/\/www.farmacap.com.br\/es\/#website"},"datePublished":"2019-07-03T15:18:30+00:00","dateModified":"2025-04-29T23:05:35+00:00","breadcrumb":{"@id":"https:\/\/www.farmacap.com.br\/es\/contacto\/contactenos\/#breadcrumb"},"inLanguage":"es-ES","potentialAction":[{"@type":"ReadAction","target":["https:\/\/www.farmacap.com.br\/es\/contacto\/contactenos\/"]}]},{"@type":"BreadcrumbList","@id":"https:\/\/www.farmacap.com.br\/es\/contacto\/contactenos\/#breadcrumb","itemListElement":[{"@type":"ListItem","position":1,"name":"Contacto","item":"https:\/\/www.farmacap.com.br\/es\/contacto\/"},{"@type":"ListItem","position":2,"name":"Hable con nosotros"}]},{"@type":"WebSite","@id":"https:\/\/www.farmacap.com.br\/es\/#website","url":"https:\/\/www.farmacap.com.br\/es\/","name":"Farmacap","description":"","publisher":{"@id":"https:\/\/www.farmacap.com.br\/es\/#organization"},"potentialAction":[{"@type":"SearchAction","target":{"@type":"EntryPoint","urlTemplate":"https:\/\/www.farmacap.com.br\/es\/?s={search_term_string}"},"query-input":{"@type":"PropertyValueSpecification","valueRequired":true,"valueName":"search_term_string"}}],"inLanguage":"es-ES"},{"@type":"Organization","@id":"https:\/\/www.farmacap.com.br\/es\/#organization","name":"Farmacap","url":"https:\/\/www.farmacap.com.br\/es\/","logo":{"@type":"ImageObject","inLanguage":"es-ES","@id":"https:\/\/www.farmacap.com.br\/es\/#\/schema\/logo\/image\/","url":"https:\/\/www.farmacap.com.br\/wp-content\/uploads\/2021\/09\/logo-transparente-120x85-1.png","contentUrl":"https:\/\/www.farmacap.com.br\/wp-content\/uploads\/2021\/09\/logo-transparente-120x85-1.png","width":120,"height":85,"caption":"Farmacap"},"image":{"@id":"https:\/\/www.farmacap.com.br\/es\/#\/schema\/logo\/image\/"}}]}},"_links":{"self":[{"href":"https:\/\/www.farmacap.com.br\/es\/wp-json\/wp\/v2\/pages\/1984","targetHints":{"allow":["GET"]}}],"collection":[{"href":"https:\/\/www.farmacap.com.br\/es\/wp-json\/wp\/v2\/pages"}],"about":[{"href":"https:\/\/www.farmacap.com.br\/es\/wp-json\/wp\/v2\/types\/page"}],"author":[{"embeddable":true,"href":"https:\/\/www.farmacap.com.br\/es\/wp-json\/wp\/v2\/users\/1"}],"replies":[{"embeddable":true,"href":"https:\/\/www.farmacap.com.br\/es\/wp-json\/wp\/v2\/comments?post=1984"}],"version-history":[{"count":0,"href":"https:\/\/www.farmacap.com.br\/es\/wp-json\/wp\/v2\/pages\/1984\/revisions"}],"up":[{"embeddable":true,"href":"https:\/\/www.farmacap.com.br\/es\/wp-json\/wp\/v2\/pages\/1974"}],"wp:attachment":[{"href":"https:\/\/www.farmacap.com.br\/es\/wp-json\/wp\/v2\/media?parent=1984"}],"curies":[{"name":"wp","href":"https:\/\/api.w.org\/{rel}","templated":true}]}}