{"id":1980,"date":"2019-07-02T01:10:03","date_gmt":"2019-07-02T04:10:03","guid":{"rendered":"https:\/\/dev-farmacap.htc.inf.br\/\/grupo-wheaton\/"},"modified":"2025-04-29T20:01:39","modified_gmt":"2025-04-29T23:01:39","slug":"grupo-wheaton","status":"publish","type":"page","link":"https:\/\/www.farmacap.com.br\/es\/grupo-wheaton\/","title":{"rendered":"Grupo Wheaton"},"content":{"rendered":"\n<p>Con m\u00e1s de un siglo de experiencia en la producci\u00f3n de envases de vidrio y m\u00e1s de 60 a\u00f1os de presencia en Brasil, Wheaton Brasil Vidros es l\u00edder nacional en la fabricaci\u00f3n de envases de vidrio para los sectores de perfumer\u00eda, cosm\u00e9tica y farmac\u00e9utica. Adem\u00e1s, es una de las cinco mayores instalaciones especializadas en estos segmentos a nivel mundial, demostrando estar siempre a la vanguardia en conceptos, tecnolog\u00eda, atenci\u00f3n y dise\u00f1o. Actualmente, entre sus principales clientes se encuentran las empresas nacionales y multinacionales m\u00e1s prestigiosas, exportando a m\u00e1s de 40 pa\u00edses.<\/p>\n\n\n\n<figure class=\"wp-block-image size-full\"><img decoding=\"async\" width=\"1180\" height=\"473\" src=\"https:\/\/www.farmacap.com.br\/wp-content\/uploads\/2019\/11\/grupo-wheaton.jpg\" alt=\"grupo wheaton\" class=\"wp-image-2077\"\/><\/figure>\n\n\n\n<p><br>Actualmente, entre sus principales clientes se encuentran las empresas nacionales y multinacionales m\u00e1s prestigiosas, exportando a m\u00e1s de 40 pa\u00edses.<\/p>\n\n\n\n<div class=\"wp-block-buttons is-content-justification-center is-layout-flex wp-container-core-buttons-is-layout-16018d1d wp-block-buttons-is-layout-flex\">\n<div class=\"wp-block-button\" id=\"is-style-default-aligncenter\"><a class=\"wp-block-button__link wp-element-button\" href=\"https:\/\/www.wheaton.com.br\/es\/\" target=\"_blank\" rel=\"noreferrer noopener\">M\u00e1s informaci\u00f3n<\/a><\/div>\n<\/div>\n\n\n\n<p><\/p>\n","protected":false},"excerpt":{"rendered":"<p>Con m\u00e1s de un siglo de experiencia en la producci\u00f3n de envases de vidrio y m\u00e1s de 60 a\u00f1os de presencia en Brasil, Wheaton Brasil Vidros es l\u00edder nacional en la fabricaci\u00f3n de envases de vidrio para los sectores de perfumer\u00eda, cosm\u00e9tica y farmac\u00e9utica. Adem\u00e1s, es una de las cinco mayores instalaciones especializadas en estos [&hellip;]<\/p>\n","protected":false},"author":1,"featured_media":0,"parent":0,"menu_order":0,"comment_status":"closed","ping_status":"closed","template":"","meta":{"_acf_changed":false,"footnotes":""},"class_list":["post-1980","page","type-page","status-publish","hentry"],"acf":[],"yoast_head":"<!-- This site is optimized with the Yoast SEO plugin v27.5 - https:\/\/yoast.com\/product\/yoast-seo-wordpress\/ -->\n<title>Grupo Wheaton - Farmacap<\/title>\n<meta name=\"robots\" content=\"index, follow, max-snippet:-1, max-image-preview:large, max-video-preview:-1\" \/>\n<link rel=\"canonical\" href=\"https:\/\/www.farmacap.com.br\/es\/grupo-wheaton\/\" \/>\n<meta property=\"og:locale\" content=\"es_ES\" \/>\n<meta property=\"og:type\" content=\"article\" \/>\n<meta property=\"og:title\" content=\"Grupo Wheaton - Farmacap\" \/>\n<meta property=\"og:description\" content=\"Con m\u00e1s de un siglo de experiencia en la producci\u00f3n de envases de vidrio y m\u00e1s de 60 a\u00f1os de presencia en Brasil, Wheaton Brasil Vidros es l\u00edder nacional en la fabricaci\u00f3n de envases de vidrio para los sectores de perfumer\u00eda, cosm\u00e9tica y farmac\u00e9utica. Adem\u00e1s, es una de las cinco mayores instalaciones especializadas en estos [&hellip;]\" \/>\n<meta property=\"og:url\" content=\"https:\/\/www.farmacap.com.br\/es\/grupo-wheaton\/\" \/>\n<meta property=\"og:site_name\" content=\"Farmacap\" \/>\n<meta property=\"article:modified_time\" content=\"2025-04-29T23:01:39+00:00\" \/>\n<meta property=\"og:image\" content=\"https:\/\/www.farmacap.com.br\/wp-content\/uploads\/2019\/11\/grupo-wheaton.jpg\" \/>\n\t<meta property=\"og:image:width\" content=\"1180\" \/>\n\t<meta property=\"og:image:height\" content=\"473\" \/>\n\t<meta property=\"og:image:type\" content=\"image\/jpeg\" \/>\n<meta name=\"twitter:card\" content=\"summary_large_image\" \/>\n<meta name=\"twitter:label1\" content=\"Est. reading time\" \/>\n\t<meta name=\"twitter:data1\" content=\"1 minute\" \/>\n<script type=\"application\/ld+json\" class=\"yoast-schema-graph\">{\"@context\":\"https:\\\/\\\/schema.org\",\"@graph\":[{\"@type\":\"WebPage\",\"@id\":\"https:\\\/\\\/www.farmacap.com.br\\\/es\\\/grupo-wheaton\\\/\",\"url\":\"https:\\\/\\\/www.farmacap.com.br\\\/es\\\/grupo-wheaton\\\/\",\"name\":\"Grupo Wheaton - Farmacap\",\"isPartOf\":{\"@id\":\"https:\\\/\\\/www.farmacap.com.br\\\/es\\\/#website\"},\"primaryImageOfPage\":{\"@id\":\"https:\\\/\\\/www.farmacap.com.br\\\/es\\\/grupo-wheaton\\\/#primaryimage\"},\"image\":{\"@id\":\"https:\\\/\\\/www.farmacap.com.br\\\/es\\\/grupo-wheaton\\\/#primaryimage\"},\"thumbnailUrl\":\"https:\\\/\\\/www.farmacap.com.br\\\/wp-content\\\/uploads\\\/2019\\\/11\\\/grupo-wheaton.jpg\",\"datePublished\":\"2019-07-02T04:10:03+00:00\",\"dateModified\":\"2025-04-29T23:01:39+00:00\",\"inLanguage\":\"es-ES\",\"potentialAction\":[{\"@type\":\"ReadAction\",\"target\":[\"https:\\\/\\\/www.farmacap.com.br\\\/es\\\/grupo-wheaton\\\/\"]}]},{\"@type\":\"ImageObject\",\"inLanguage\":\"es-ES\",\"@id\":\"https:\\\/\\\/www.farmacap.com.br\\\/es\\\/grupo-wheaton\\\/#primaryimage\",\"url\":\"https:\\\/\\\/www.farmacap.com.br\\\/wp-content\\\/uploads\\\/2019\\\/11\\\/grupo-wheaton.jpg\",\"contentUrl\":\"https:\\\/\\\/www.farmacap.com.br\\\/wp-content\\\/uploads\\\/2019\\\/11\\\/grupo-wheaton.jpg\"},{\"@type\":\"WebSite\",\"@id\":\"https:\\\/\\\/www.farmacap.com.br\\\/es\\\/#website\",\"url\":\"https:\\\/\\\/www.farmacap.com.br\\\/es\\\/\",\"name\":\"Farmacap\",\"description\":\"\",\"publisher\":{\"@id\":\"https:\\\/\\\/www.farmacap.com.br\\\/es\\\/#organization\"},\"potentialAction\":[{\"@type\":\"SearchAction\",\"target\":{\"@type\":\"EntryPoint\",\"urlTemplate\":\"https:\\\/\\\/www.farmacap.com.br\\\/es\\\/?s={search_term_string}\"},\"query-input\":{\"@type\":\"PropertyValueSpecification\",\"valueRequired\":true,\"valueName\":\"search_term_string\"}}],\"inLanguage\":\"es-ES\"},{\"@type\":\"Organization\",\"@id\":\"https:\\\/\\\/www.farmacap.com.br\\\/es\\\/#organization\",\"name\":\"Farmacap\",\"url\":\"https:\\\/\\\/www.farmacap.com.br\\\/es\\\/\",\"logo\":{\"@type\":\"ImageObject\",\"inLanguage\":\"es-ES\",\"@id\":\"https:\\\/\\\/www.farmacap.com.br\\\/es\\\/#\\\/schema\\\/logo\\\/image\\\/\",\"url\":\"https:\\\/\\\/www.farmacap.com.br\\\/wp-content\\\/uploads\\\/2021\\\/09\\\/logo-transparente-120x85-1.png\",\"contentUrl\":\"https:\\\/\\\/www.farmacap.com.br\\\/wp-content\\\/uploads\\\/2021\\\/09\\\/logo-transparente-120x85-1.png\",\"width\":120,\"height\":85,\"caption\":\"Farmacap\"},\"image\":{\"@id\":\"https:\\\/\\\/www.farmacap.com.br\\\/es\\\/#\\\/schema\\\/logo\\\/image\\\/\"}}]}<\/script>\n<!-- \/ Yoast SEO plugin. -->","yoast_head_json":{"title":"Grupo Wheaton - Farmacap","robots":{"index":"index","follow":"follow","max-snippet":"max-snippet:-1","max-image-preview":"max-image-preview:large","max-video-preview":"max-video-preview:-1"},"canonical":"https:\/\/www.farmacap.com.br\/es\/grupo-wheaton\/","og_locale":"es_ES","og_type":"article","og_title":"Grupo Wheaton - Farmacap","og_description":"Con m\u00e1s de un siglo de experiencia en la producci\u00f3n de envases de vidrio y m\u00e1s de 60 a\u00f1os de presencia en Brasil, Wheaton Brasil Vidros es l\u00edder nacional en la fabricaci\u00f3n de envases de vidrio para los sectores de perfumer\u00eda, cosm\u00e9tica y farmac\u00e9utica. Adem\u00e1s, es una de las cinco mayores instalaciones especializadas en estos [&hellip;]","og_url":"https:\/\/www.farmacap.com.br\/es\/grupo-wheaton\/","og_site_name":"Farmacap","article_modified_time":"2025-04-29T23:01:39+00:00","og_image":[{"width":1180,"height":473,"url":"https:\/\/www.farmacap.com.br\/wp-content\/uploads\/2019\/11\/grupo-wheaton.jpg","type":"image\/jpeg"}],"twitter_card":"summary_large_image","twitter_misc":{"Est. reading time":"1 minute"},"schema":{"@context":"https:\/\/schema.org","@graph":[{"@type":"WebPage","@id":"https:\/\/www.farmacap.com.br\/es\/grupo-wheaton\/","url":"https:\/\/www.farmacap.com.br\/es\/grupo-wheaton\/","name":"Grupo Wheaton - Farmacap","isPartOf":{"@id":"https:\/\/www.farmacap.com.br\/es\/#website"},"primaryImageOfPage":{"@id":"https:\/\/www.farmacap.com.br\/es\/grupo-wheaton\/#primaryimage"},"image":{"@id":"https:\/\/www.farmacap.com.br\/es\/grupo-wheaton\/#primaryimage"},"thumbnailUrl":"https:\/\/www.farmacap.com.br\/wp-content\/uploads\/2019\/11\/grupo-wheaton.jpg","datePublished":"2019-07-02T04:10:03+00:00","dateModified":"2025-04-29T23:01:39+00:00","inLanguage":"es-ES","potentialAction":[{"@type":"ReadAction","target":["https:\/\/www.farmacap.com.br\/es\/grupo-wheaton\/"]}]},{"@type":"ImageObject","inLanguage":"es-ES","@id":"https:\/\/www.farmacap.com.br\/es\/grupo-wheaton\/#primaryimage","url":"https:\/\/www.farmacap.com.br\/wp-content\/uploads\/2019\/11\/grupo-wheaton.jpg","contentUrl":"https:\/\/www.farmacap.com.br\/wp-content\/uploads\/2019\/11\/grupo-wheaton.jpg"},{"@type":"WebSite","@id":"https:\/\/www.farmacap.com.br\/es\/#website","url":"https:\/\/www.farmacap.com.br\/es\/","name":"Farmacap","description":"","publisher":{"@id":"https:\/\/www.farmacap.com.br\/es\/#organization"},"potentialAction":[{"@type":"SearchAction","target":{"@type":"EntryPoint","urlTemplate":"https:\/\/www.farmacap.com.br\/es\/?s={search_term_string}"},"query-input":{"@type":"PropertyValueSpecification","valueRequired":true,"valueName":"search_term_string"}}],"inLanguage":"es-ES"},{"@type":"Organization","@id":"https:\/\/www.farmacap.com.br\/es\/#organization","name":"Farmacap","url":"https:\/\/www.farmacap.com.br\/es\/","logo":{"@type":"ImageObject","inLanguage":"es-ES","@id":"https:\/\/www.farmacap.com.br\/es\/#\/schema\/logo\/image\/","url":"https:\/\/www.farmacap.com.br\/wp-content\/uploads\/2021\/09\/logo-transparente-120x85-1.png","contentUrl":"https:\/\/www.farmacap.com.br\/wp-content\/uploads\/2021\/09\/logo-transparente-120x85-1.png","width":120,"height":85,"caption":"Farmacap"},"image":{"@id":"https:\/\/www.farmacap.com.br\/es\/#\/schema\/logo\/image\/"}}]}},"_links":{"self":[{"href":"https:\/\/www.farmacap.com.br\/es\/wp-json\/wp\/v2\/pages\/1980","targetHints":{"allow":["GET"]}}],"collection":[{"href":"https:\/\/www.farmacap.com.br\/es\/wp-json\/wp\/v2\/pages"}],"about":[{"href":"https:\/\/www.farmacap.com.br\/es\/wp-json\/wp\/v2\/types\/page"}],"author":[{"embeddable":true,"href":"https:\/\/www.farmacap.com.br\/es\/wp-json\/wp\/v2\/users\/1"}],"replies":[{"embeddable":true,"href":"https:\/\/www.farmacap.com.br\/es\/wp-json\/wp\/v2\/comments?post=1980"}],"version-history":[{"count":0,"href":"https:\/\/www.farmacap.com.br\/es\/wp-json\/wp\/v2\/pages\/1980\/revisions"}],"wp:attachment":[{"href":"https:\/\/www.farmacap.com.br\/es\/wp-json\/wp\/v2\/media?parent=1980"}],"curies":[{"name":"wp","href":"https:\/\/api.w.org\/{rel}","templated":true}]}}