{"id":1866,"date":"2019-06-21T23:40:11","date_gmt":"2019-06-22T02:40:11","guid":{"rendered":"https:\/\/dev-farmacap.htc.inf.br\/\/?page_id=1866"},"modified":"2025-04-29T19:55:36","modified_gmt":"2025-04-29T22:55:36","slug":"institucional","status":"publish","type":"page","link":"https:\/\/www.farmacap.com.br\/es\/institucional\/","title":{"rendered":"Institucional"},"content":{"rendered":"\n<h2 class=\"wp-block-heading\"><strong>\u00bfQui\u00e9nes somos?<\/strong><\/h2>\n\n\n\n<p>Farmacap es una empresa con 30 a\u00f1os de experiencia en el mercado de cierres, accesorios de goma y aluminio para las industrias farmac\u00e9utica, veterinaria y afines. Contamos con un profundo conocimiento de las necesidades t\u00e9cnicas y conceptuales que estos mercados demandan.<\/p>\n\n\n\n<p>Pioneros en Am\u00e9rica Latina en la construcci\u00f3n de la \u201cSala Limpa\u201d (Sala Limpia) para el tratamiento espec\u00edfico de tapones de goma TPPE \u2013 Tap\u00f3n Listo para Esterilizar, tambi\u00e9n fuimos los primeros en ofrecer tapones esterilizados mediante irradiaci\u00f3n gamma.<\/p>\n\n\n\n<p>Entre nuestros logros destacados, hemos registrado nuestras f\u00f3rmulas en el DMF (Drug Master File), organismo del FDA (Food and Drug Administration), lo que nos otorga un \u201cpasaporte\u201d sin restricciones para exportar a cualquier pa\u00eds del mundo. Farmacap forma parte del Grupo Wheaton Brasil, l\u00edder nacional en la producci\u00f3n de envases de vidrio para los sectores de perfumer\u00eda, cosm\u00e9ticos y farmac\u00e9utica, y una de las cinco mayores instalaciones especializadas en estos segmentos a nivel mundial. Proveemos a las m\u00e1s prestigiosas industrias nacionales e internacionales, exportando a m\u00e1s de 40 pa\u00edses.<\/p>\n\n\n\n<figure class=\"wp-block-image alignfull\"><img decoding=\"async\" width=\"1024\" height=\"413\" src=\"https:\/\/dev-farmacap2.htc.inf.br\/wp-content\/uploads\/2019\/06\/farmacap-institucional-1024x413.jpg\" alt=\"\" class=\"wp-image-1835\" srcset=\"https:\/\/www.farmacap.com.br\/wp-content\/uploads\/2019\/06\/farmacap-institucional-1024x413.jpg 1024w, https:\/\/www.farmacap.com.br\/wp-content\/uploads\/2019\/06\/farmacap-institucional-768x310.jpg 768w, https:\/\/www.farmacap.com.br\/wp-content\/uploads\/2019\/06\/farmacap-institucional-640x258.jpg 640w, https:\/\/www.farmacap.com.br\/wp-content\/uploads\/2019\/06\/farmacap-institucional.jpg 1180w\" sizes=\"(max-width: 1199px) 98vw, 1024px\" \/><\/figure>\n\n\n\n<p><\/p>\n","protected":false},"excerpt":{"rendered":"<p>\u00bfQui\u00e9nes somos? Farmacap es una empresa con 30 a\u00f1os de experiencia en el mercado de cierres, accesorios de goma y aluminio para las industrias farmac\u00e9utica, veterinaria y afines. Contamos con un profundo conocimiento de las necesidades t\u00e9cnicas y conceptuales que estos mercados demandan. Pioneros en Am\u00e9rica Latina en la construcci\u00f3n de la \u201cSala Limpa\u201d (Sala [&hellip;]<\/p>\n","protected":false},"author":1,"featured_media":0,"parent":0,"menu_order":0,"comment_status":"closed","ping_status":"closed","template":"template-page\/page-institucional.php","meta":{"_acf_changed":true,"footnotes":""},"class_list":["post-1866","page","type-page","status-publish","hentry"],"acf":[],"yoast_head":"<!-- This site is optimized with the Yoast SEO plugin v27.4 - https:\/\/yoast.com\/product\/yoast-seo-wordpress\/ -->\n<title>Institucional - Farmacap<\/title>\n<meta name=\"robots\" content=\"index, follow, max-snippet:-1, max-image-preview:large, max-video-preview:-1\" \/>\n<link rel=\"canonical\" href=\"https:\/\/www.farmacap.com.br\/es\/institucional\/\" \/>\n<meta property=\"og:locale\" content=\"es_ES\" \/>\n<meta property=\"og:type\" content=\"article\" \/>\n<meta property=\"og:title\" content=\"Institucional - Farmacap\" \/>\n<meta property=\"og:description\" content=\"\u00bfQui\u00e9nes somos? Farmacap es una empresa con 30 a\u00f1os de experiencia en el mercado de cierres, accesorios de goma y aluminio para las industrias farmac\u00e9utica, veterinaria y afines. Contamos con un profundo conocimiento de las necesidades t\u00e9cnicas y conceptuales que estos mercados demandan. Pioneros en Am\u00e9rica Latina en la construcci\u00f3n de la \u201cSala Limpa\u201d (Sala [&hellip;]\" \/>\n<meta property=\"og:url\" content=\"https:\/\/www.farmacap.com.br\/es\/institucional\/\" \/>\n<meta property=\"og:site_name\" content=\"Farmacap\" \/>\n<meta property=\"article:modified_time\" content=\"2025-04-29T22:55:36+00:00\" \/>\n<meta property=\"og:image\" content=\"https:\/\/www.farmacap.com.br\/wp-content\/uploads\/2019\/06\/farmacap-institucional.jpg\" \/>\n\t<meta property=\"og:image:width\" content=\"1180\" \/>\n\t<meta property=\"og:image:height\" content=\"476\" \/>\n\t<meta property=\"og:image:type\" content=\"image\/jpeg\" \/>\n<meta name=\"twitter:card\" content=\"summary_large_image\" \/>\n<meta name=\"twitter:label1\" content=\"Est. reading time\" \/>\n\t<meta name=\"twitter:data1\" content=\"2 minutes\" \/>\n<script type=\"application\/ld+json\" class=\"yoast-schema-graph\">{\"@context\":\"https:\\\/\\\/schema.org\",\"@graph\":[{\"@type\":\"WebPage\",\"@id\":\"https:\\\/\\\/www.farmacap.com.br\\\/es\\\/institucional\\\/\",\"url\":\"https:\\\/\\\/www.farmacap.com.br\\\/es\\\/institucional\\\/\",\"name\":\"Institucional - Farmacap\",\"isPartOf\":{\"@id\":\"https:\\\/\\\/www.farmacap.com.br\\\/es\\\/#website\"},\"primaryImageOfPage\":{\"@id\":\"https:\\\/\\\/www.farmacap.com.br\\\/es\\\/institucional\\\/#primaryimage\"},\"image\":{\"@id\":\"https:\\\/\\\/www.farmacap.com.br\\\/es\\\/institucional\\\/#primaryimage\"},\"thumbnailUrl\":\"https:\\\/\\\/dev-farmacap2.htc.inf.br\\\/wp-content\\\/uploads\\\/2019\\\/06\\\/farmacap-institucional-1024x413.jpg\",\"datePublished\":\"2019-06-22T02:40:11+00:00\",\"dateModified\":\"2025-04-29T22:55:36+00:00\",\"inLanguage\":\"es-ES\",\"potentialAction\":[{\"@type\":\"ReadAction\",\"target\":[\"https:\\\/\\\/www.farmacap.com.br\\\/es\\\/institucional\\\/\"]}]},{\"@type\":\"ImageObject\",\"inLanguage\":\"es-ES\",\"@id\":\"https:\\\/\\\/www.farmacap.com.br\\\/es\\\/institucional\\\/#primaryimage\",\"url\":\"https:\\\/\\\/dev-farmacap2.htc.inf.br\\\/wp-content\\\/uploads\\\/2019\\\/06\\\/farmacap-institucional-1024x413.jpg\",\"contentUrl\":\"https:\\\/\\\/dev-farmacap2.htc.inf.br\\\/wp-content\\\/uploads\\\/2019\\\/06\\\/farmacap-institucional-1024x413.jpg\"},{\"@type\":\"WebSite\",\"@id\":\"https:\\\/\\\/www.farmacap.com.br\\\/es\\\/#website\",\"url\":\"https:\\\/\\\/www.farmacap.com.br\\\/es\\\/\",\"name\":\"Farmacap\",\"description\":\"\",\"publisher\":{\"@id\":\"https:\\\/\\\/www.farmacap.com.br\\\/es\\\/#organization\"},\"potentialAction\":[{\"@type\":\"SearchAction\",\"target\":{\"@type\":\"EntryPoint\",\"urlTemplate\":\"https:\\\/\\\/www.farmacap.com.br\\\/es\\\/?s={search_term_string}\"},\"query-input\":{\"@type\":\"PropertyValueSpecification\",\"valueRequired\":true,\"valueName\":\"search_term_string\"}}],\"inLanguage\":\"es-ES\"},{\"@type\":\"Organization\",\"@id\":\"https:\\\/\\\/www.farmacap.com.br\\\/es\\\/#organization\",\"name\":\"Farmacap\",\"url\":\"https:\\\/\\\/www.farmacap.com.br\\\/es\\\/\",\"logo\":{\"@type\":\"ImageObject\",\"inLanguage\":\"es-ES\",\"@id\":\"https:\\\/\\\/www.farmacap.com.br\\\/es\\\/#\\\/schema\\\/logo\\\/image\\\/\",\"url\":\"https:\\\/\\\/www.farmacap.com.br\\\/wp-content\\\/uploads\\\/2021\\\/09\\\/logo-transparente-120x85-1.png\",\"contentUrl\":\"https:\\\/\\\/www.farmacap.com.br\\\/wp-content\\\/uploads\\\/2021\\\/09\\\/logo-transparente-120x85-1.png\",\"width\":120,\"height\":85,\"caption\":\"Farmacap\"},\"image\":{\"@id\":\"https:\\\/\\\/www.farmacap.com.br\\\/es\\\/#\\\/schema\\\/logo\\\/image\\\/\"}}]}<\/script>\n<!-- \/ Yoast SEO plugin. -->","yoast_head_json":{"title":"Institucional - Farmacap","robots":{"index":"index","follow":"follow","max-snippet":"max-snippet:-1","max-image-preview":"max-image-preview:large","max-video-preview":"max-video-preview:-1"},"canonical":"https:\/\/www.farmacap.com.br\/es\/institucional\/","og_locale":"es_ES","og_type":"article","og_title":"Institucional - Farmacap","og_description":"\u00bfQui\u00e9nes somos? Farmacap es una empresa con 30 a\u00f1os de experiencia en el mercado de cierres, accesorios de goma y aluminio para las industrias farmac\u00e9utica, veterinaria y afines. Contamos con un profundo conocimiento de las necesidades t\u00e9cnicas y conceptuales que estos mercados demandan. Pioneros en Am\u00e9rica Latina en la construcci\u00f3n de la \u201cSala Limpa\u201d (Sala [&hellip;]","og_url":"https:\/\/www.farmacap.com.br\/es\/institucional\/","og_site_name":"Farmacap","article_modified_time":"2025-04-29T22:55:36+00:00","og_image":[{"width":1180,"height":476,"url":"https:\/\/www.farmacap.com.br\/wp-content\/uploads\/2019\/06\/farmacap-institucional.jpg","type":"image\/jpeg"}],"twitter_card":"summary_large_image","twitter_misc":{"Est. reading time":"2 minutes"},"schema":{"@context":"https:\/\/schema.org","@graph":[{"@type":"WebPage","@id":"https:\/\/www.farmacap.com.br\/es\/institucional\/","url":"https:\/\/www.farmacap.com.br\/es\/institucional\/","name":"Institucional - Farmacap","isPartOf":{"@id":"https:\/\/www.farmacap.com.br\/es\/#website"},"primaryImageOfPage":{"@id":"https:\/\/www.farmacap.com.br\/es\/institucional\/#primaryimage"},"image":{"@id":"https:\/\/www.farmacap.com.br\/es\/institucional\/#primaryimage"},"thumbnailUrl":"https:\/\/dev-farmacap2.htc.inf.br\/wp-content\/uploads\/2019\/06\/farmacap-institucional-1024x413.jpg","datePublished":"2019-06-22T02:40:11+00:00","dateModified":"2025-04-29T22:55:36+00:00","inLanguage":"es-ES","potentialAction":[{"@type":"ReadAction","target":["https:\/\/www.farmacap.com.br\/es\/institucional\/"]}]},{"@type":"ImageObject","inLanguage":"es-ES","@id":"https:\/\/www.farmacap.com.br\/es\/institucional\/#primaryimage","url":"https:\/\/dev-farmacap2.htc.inf.br\/wp-content\/uploads\/2019\/06\/farmacap-institucional-1024x413.jpg","contentUrl":"https:\/\/dev-farmacap2.htc.inf.br\/wp-content\/uploads\/2019\/06\/farmacap-institucional-1024x413.jpg"},{"@type":"WebSite","@id":"https:\/\/www.farmacap.com.br\/es\/#website","url":"https:\/\/www.farmacap.com.br\/es\/","name":"Farmacap","description":"","publisher":{"@id":"https:\/\/www.farmacap.com.br\/es\/#organization"},"potentialAction":[{"@type":"SearchAction","target":{"@type":"EntryPoint","urlTemplate":"https:\/\/www.farmacap.com.br\/es\/?s={search_term_string}"},"query-input":{"@type":"PropertyValueSpecification","valueRequired":true,"valueName":"search_term_string"}}],"inLanguage":"es-ES"},{"@type":"Organization","@id":"https:\/\/www.farmacap.com.br\/es\/#organization","name":"Farmacap","url":"https:\/\/www.farmacap.com.br\/es\/","logo":{"@type":"ImageObject","inLanguage":"es-ES","@id":"https:\/\/www.farmacap.com.br\/es\/#\/schema\/logo\/image\/","url":"https:\/\/www.farmacap.com.br\/wp-content\/uploads\/2021\/09\/logo-transparente-120x85-1.png","contentUrl":"https:\/\/www.farmacap.com.br\/wp-content\/uploads\/2021\/09\/logo-transparente-120x85-1.png","width":120,"height":85,"caption":"Farmacap"},"image":{"@id":"https:\/\/www.farmacap.com.br\/es\/#\/schema\/logo\/image\/"}}]}},"_links":{"self":[{"href":"https:\/\/www.farmacap.com.br\/es\/wp-json\/wp\/v2\/pages\/1866","targetHints":{"allow":["GET"]}}],"collection":[{"href":"https:\/\/www.farmacap.com.br\/es\/wp-json\/wp\/v2\/pages"}],"about":[{"href":"https:\/\/www.farmacap.com.br\/es\/wp-json\/wp\/v2\/types\/page"}],"author":[{"embeddable":true,"href":"https:\/\/www.farmacap.com.br\/es\/wp-json\/wp\/v2\/users\/1"}],"replies":[{"embeddable":true,"href":"https:\/\/www.farmacap.com.br\/es\/wp-json\/wp\/v2\/comments?post=1866"}],"version-history":[{"count":0,"href":"https:\/\/www.farmacap.com.br\/es\/wp-json\/wp\/v2\/pages\/1866\/revisions"}],"wp:attachment":[{"href":"https:\/\/www.farmacap.com.br\/es\/wp-json\/wp\/v2\/media?parent=1866"}],"curies":[{"name":"wp","href":"https:\/\/api.w.org\/{rel}","templated":true}]}}